{"id":287,"date":"2018-08-21T12:55:03","date_gmt":"2018-08-21T12:55:03","guid":{"rendered":"https:\/\/backpacktraveler.qodeinteractive.com\/?page_id=287"},"modified":"2023-01-11T09:33:46","modified_gmt":"2023-01-11T09:33:46","slug":"who-we-are","status":"publish","type":"page","link":"https:\/\/temontotuviaje.com\/index.php\/who-we-are\/","title":{"rendered":"\u00bfQui\u00e9nes somos?"},"content":{"rendered":"<h4>\u00bfQui\u00e9nes somos?<\/h4>\n<p style=\"text-align: center;\">Somos una familia a la que le encanta viajar y nuestro hobby es viajar tanto como nos lo permita la vida, ya sean viajes largos o escapadas de un par de d\u00edas. Hemos viajado en todas las formas posibles, en coche, en avi\u00f3n, en barco, en autocaravana, a pie, etc. Nos encanta viajar, sea en el medio que sea vaya. Nuestra familia se compone de 5 miembros, dos personas adultas, 2 j\u00f3venes adultos y nuestro perro Turr\u00f3n.<\/p>\n<h4>\u00bfC\u00f3mo nos gusta organizar nuestros viajes?<\/h4>\n<p style=\"font-weight: 400;\">Cada viaje que realizamos est\u00e1 totalmente organizado por nosotros, desde qu\u00e9 alojamiento es la mejor opci\u00f3n teniendo en cuenta el destino y las opiniones del resto de viajeros, sobr\u00e9 si es necesario o no alquilar un coche en el destino o la red de transporte p\u00fablico funciona mejor, si hay que usar transporte p\u00fablico cu\u00e1les son las mejores opciones m\u00e1s baratas y que tarjetas de transporte ofrece el destino, sobre cu\u00e1l es la comida t\u00edpica que hay que probar en el destino y donde se encuentran los restaurantes o bares que mejor las preparen, qu\u00e9 actividades son las que tienen mejores opiniones y cu\u00e1les no hay que perderse, cu\u00e1l es la mejor \u00e9poca para viajar al destino, los puntos m\u00e1s \u201cinstagrameables\u201d del destino, etc.<\/p>\n<p style=\"font-weight: 400;\">Hemos viajado por toda Espa\u00f1a y destinos europeos, desde C\u00e1diz hasta Huesca, pasando por las Baleares y Canarias, destinos como Pa\u00edses Bajos, Alemania, Austria, Francia, Las Vegas, etc. Nuestra media de viajes al a\u00f1o est\u00e1 en unos 3-4 viajes, por lo que hemos viajado en todas las estaciones y bajo cualquier clima, ello hace que cada viaje lo adaptemos a la mejor \u00e9poca para realizarlo. No dejamos absolutamente nada sin organizar, desde qu\u00e9 l\u00ednea de metro o tren hay que coger para ir de un sitio a otro y su duraci\u00f3n y transbordos, sobre qu\u00e9 lugares visitar si o si, los museos y actividades, el precio, la duraci\u00f3n de cada uno, el mejor momento de visitar el museo o realizar la actividad, qu\u00e9 otras opciones hay en caso de que algo no d\u00e9 tiempo a realizar o ver, etc.<\/p>\n<p>Ello hace que cada momento del viaje este absolutamente organizado, tambi\u00e9n con la opciones de Plan B en caso de que algo falle o contemos con factores que hagan modificar la organizaci\u00f3n de cada d\u00eda. De esta forma, no desperdiciamos nada de tiempo en nuestro destino, y podemos ver todas las atracciones tur\u00edsticas, ahorrar dinero y poder disfrutar m\u00e1s.<\/p>\n<p style=\"font-weight: 400;\">\n","protected":false},"excerpt":{"rendered":"<p>\u00bfQui\u00e9nes somos? Somos una familia a la que le encanta viajar y nuestro hobby es viajar tanto como nos lo permita la vida, ya sean viajes largos o escapadas de un par de d\u00edas. Hemos viajado en todas las formas [&hellip;]<\/p>\n","protected":false},"author":1,"featured_media":0,"parent":0,"menu_order":0,"comment_status":"closed","ping_status":"closed","template":"","meta":{"footnotes":""},"class_list":["post-287","page","type-page","status-publish","hentry"],"_links":{"self":[{"href":"https:\/\/temontotuviaje.com\/index.php\/wp-json\/wp\/v2\/pages\/287","targetHints":{"allow":["GET"]}}],"collection":[{"href":"https:\/\/temontotuviaje.com\/index.php\/wp-json\/wp\/v2\/pages"}],"about":[{"href":"https:\/\/temontotuviaje.com\/index.php\/wp-json\/wp\/v2\/types\/page"}],"author":[{"embeddable":true,"href":"https:\/\/temontotuviaje.com\/index.php\/wp-json\/wp\/v2\/users\/1"}],"replies":[{"embeddable":true,"href":"https:\/\/temontotuviaje.com\/index.php\/wp-json\/wp\/v2\/comments?post=287"}],"version-history":[{"count":12,"href":"https:\/\/temontotuviaje.com\/index.php\/wp-json\/wp\/v2\/pages\/287\/revisions"}],"predecessor-version":[{"id":6791,"href":"https:\/\/temontotuviaje.com\/index.php\/wp-json\/wp\/v2\/pages\/287\/revisions\/6791"}],"wp:attachment":[{"href":"https:\/\/temontotuviaje.com\/index.php\/wp-json\/wp\/v2\/media?parent=287"}],"curies":[{"name":"wp","href":"https:\/\/api.w.org\/{rel}","templated":true}]}}