{"id":60,"date":"2018-08-20T10:18:07","date_gmt":"2018-08-20T10:18:07","guid":{"rendered":"https:\/\/backpacktraveler.qodeinteractive.com\/?page_id=60"},"modified":"2023-01-16T18:01:46","modified_gmt":"2023-01-16T18:01:46","slug":"about","status":"publish","type":"page","link":"https:\/\/temontotuviaje.com\/index.php\/about\/","title":{"rendered":"About Me"},"content":{"rendered":"<h2 style=\"text-align: right;\">Hola! Somos Vicky y Athenea<br \/>\nEs hora de viajar!<\/h2>\n<p style=\"font-weight: 400; text-align: center;\">\u00bfNo sabes c\u00f3mo organizar tu pr\u00f3ximo viaje?<\/p>\n<p style=\"font-weight: 400; text-align: center;\">\u00bfSe te hace un mundo leer tanta informaci\u00f3n y p\u00e1ginas webs para poder crear tu viaje?<\/p>\n<p style=\"font-weight: 400; text-align: center;\">\u00bfNo tienes tiempo para todo lo que implica organizar y reservar todos los aspectos de tu viaje?<\/p>\n<p style=\"font-weight: 400;\">\n<p style=\"font-weight: 400;\">\u00a1Eso ya tiene soluci\u00f3n! Deja en nuestras manos tu viaje y nosotros nos encargaremos de organizarlo desde principio a fin, totalmente hecho a tu medida.<\/p>\n<p style=\"font-weight: 400;\">Nuestro principal fin en esta web es dedicarnos a organizar tu viaje, sin importar la duraci\u00f3n que tengas prevista para el mismo, as\u00ed como el presupuesto. Lo \u00fanico que tendr\u00e1s que hacer es contactar con nosotras, decirnos tu destino, el n\u00famero de personas que viaj\u00e1is, los d\u00edas de viaje y duraci\u00f3n, el presupuesto aproximado, y las preferencias de viaje, del resto, nos encargamos nosotras.<\/p>\n<p style=\"font-weight: 400;\">Organizamos cada viaje para transformarlo en una experiencia inmersiva \u00fanica. Adaptamos tus preferencias de viajes al detalle, desde los vuelos, la selecci\u00f3n del alojamiento, d\u00f3nde comer, qu\u00e9 excursiones o tours hacer en el destino, las actividades que pueden hacer, el transporte hacia el destino y dentro del mismo, etc.<\/p>\n<p style=\"font-weight: 400;\">\u00bfC\u00f3mo adaptamos cada viaje? La respuesta es sencilla, te preguntaremos sobre tus gustos y preferencias relacionados con viajar. Desde c\u00f3mo es tu alojamiento perfecto, c\u00f3mo prefieres moverte dentro de tu destino, si prefieres un viaje donde la relajaci\u00f3n y el descanso sean lo principal o, si sois m\u00e1s aventureros, tus gustos sobre las actividades que ofrece el destino. No buscamos que aquellos que nos contacten, su viaje sea el t\u00edpico viaje que hacen los turistas, donde visitan los mismos lugares pr\u00e1cticamente todos. Nosotras queremos que cada viaje est\u00e9 adaptado a los gustos y necesidades de cada viajero, desde qu\u00e9 lugares ver\u00e9is en el destino hasta incluso el precio medio por persona estimado para el viaje.<\/p>\n<p style=\"font-weight: 400;\">Una vez que contactes con nosotros y nos proporciones toda la informaci\u00f3n en nuestro primer meeting, volveremos a ponernos en contacto para informarte de todas las opciones que dispone el destino, para as\u00ed escuchar tus opiniones y seleccionar las actividades y reservas a realizar, junto con el resto de dudas o preguntas que os puedan surgir.<\/p>\n<p style=\"font-weight: 400;\">Recibir\u00e1s tu viaje totalmente organizado y reservado de forma online a trav\u00e9s de tu cuenta de usuario, donde podr\u00e1s ver tu planning de cada d\u00eda, las actividades reservadas, las comidas t\u00edpicas que recomiendan probar en cada destino, el tiempo de transporte desde un punto de visita a otro, las recomendaciones de los viajeros sobre tu destino, etc. Tambi\u00e9n dispon\u00e9is de la opci\u00f3n de env\u00edo en f\u00edsico de toda la informaci\u00f3n del viaje directamente a la direcci\u00f3n que nos proporcione.<\/p>\n<p style=\"font-weight: 400;\">Ahora bien, la pregunta del mill\u00f3n que imagino que os estar\u00e9is realizando en estos momentos es \u00bfcu\u00e1nto cuesta todo este servicio? Bien, eso depender\u00e1 sobre todo de la duraci\u00f3n del viaje a organizar y de las actividades o lugares a visitar durante el viaje, junto con el tiempo disponible para la organizaci\u00f3n del mismo. Cada viaje ser\u00e1 valorado individualmente en funci\u00f3n a su dificultad de organizaci\u00f3n y os ofreceremos un precio ajustado al mismo.<\/p>\n<p style=\"font-weight: 400;\">\u00bfA qu\u00e9 esperas para encontrar tu pr\u00f3ximo viaje personalizado? Cont\u00e1ctanos en s\u00f3lo un par de clics, del resto nos encargamos nosotras.<\/p>\n","protected":false},"excerpt":{"rendered":"<p>Hola! Somos Vicky y Athenea Es hora de viajar! \u00bfNo sabes c\u00f3mo organizar tu pr\u00f3ximo viaje? \u00bfSe te hace un mundo leer tanta informaci\u00f3n y p\u00e1ginas webs para poder crear tu viaje? \u00bfNo tienes tiempo para todo lo que implica [&hellip;]<\/p>\n","protected":false},"author":1,"featured_media":0,"parent":0,"menu_order":0,"comment_status":"closed","ping_status":"closed","template":"","meta":{"footnotes":""},"class_list":["post-60","page","type-page","status-publish","hentry"],"_links":{"self":[{"href":"https:\/\/temontotuviaje.com\/index.php\/wp-json\/wp\/v2\/pages\/60","targetHints":{"allow":["GET"]}}],"collection":[{"href":"https:\/\/temontotuviaje.com\/index.php\/wp-json\/wp\/v2\/pages"}],"about":[{"href":"https:\/\/temontotuviaje.com\/index.php\/wp-json\/wp\/v2\/types\/page"}],"author":[{"embeddable":true,"href":"https:\/\/temontotuviaje.com\/index.php\/wp-json\/wp\/v2\/users\/1"}],"replies":[{"embeddable":true,"href":"https:\/\/temontotuviaje.com\/index.php\/wp-json\/wp\/v2\/comments?post=60"}],"version-history":[{"count":10,"href":"https:\/\/temontotuviaje.com\/index.php\/wp-json\/wp\/v2\/pages\/60\/revisions"}],"predecessor-version":[{"id":7072,"href":"https:\/\/temontotuviaje.com\/index.php\/wp-json\/wp\/v2\/pages\/60\/revisions\/7072"}],"wp:attachment":[{"href":"https:\/\/temontotuviaje.com\/index.php\/wp-json\/wp\/v2\/media?parent=60"}],"curies":[{"name":"wp","href":"https:\/\/api.w.org\/{rel}","templated":true}]}}