{"id":6308,"date":"2018-10-08T07:59:32","date_gmt":"2018-10-08T07:59:32","guid":{"rendered":"https:\/\/backpacktraveler.qodeinteractive.com\/?page_id=6308"},"modified":"2023-01-17T15:26:28","modified_gmt":"2023-01-17T15:26:28","slug":"todosobreelcaminodesantiago","status":"publish","type":"page","link":"https:\/\/temontotuviaje.com\/index.php\/todosobreelcaminodesantiago\/","title":{"rendered":"Todo sobre el Camino de Santiago"},"content":{"rendered":"<section class=\"wpb-content-wrapper\"><p>[vc_row row_content_width=\u00bbgrid\u00bb css=\u00bb.vc_custom_1539005249917{padding-top: 54px !important;padding-bottom: 55px !important;}\u00bb][vc_column][vc_row_inner row_content_width=\u00bbgrid\u00bb css=\u00bb.vc_custom_1538985561169{padding-top: 64px !important;}\u00bb][vc_column_inner]<div class=\"mkdf-blog-list-holder mkdf-grid-list mkdf-disable-bottom-space mkdf-bl-alternating mkdf-one-columns mkdf-huge-space mkdf-bl-pag-no-pagination  \"  data-type=alternating data-number-of-posts=5 data-number-of-columns=one data-space-between-items=huge data-category=camino-de-santiago data-orderby=date data-order=ASC data-image-size=full data-title-tag=h3 data-excerpt-length=58 data-post-info-image=yes data-post-info-author=no data-post-info-date=no data-post-info-category=yes data-post-info-comments=no data-post-info-like=no data-post-info-share=yes data-pagination-type=no-pagination data-post-info-destination=yes data-content-align=center data-post-info-read-more=no data-post-info-border=no data-max-num-pages=1 data-next-page=2>\n\t<div class=\"mkdf-bl-wrapper mkdf-outer-space\">\n\t\t<ul class=\"mkdf-blog-list\">\n\t\t\t<li class=\"mkdf-bl-item mkdf-item-space\">\n\t<div class=\"mkdf-bli-inner\">\n\t\t<div class=\"mkdf-bli-content\">\n            \n    <div class=\"mkdf-post-destination\">\n        <a href=\"https:\/\/temontotuviaje.com\/index.php\/destination-item\/spain\/\">Spain<\/a>\n    <\/div>\n\n<h3 itemprop=\"name\" class=\"entry-title mkdf-post-title\" >\n            <a itemprop=\"url\" href=\"https:\/\/temontotuviaje.com\/index.php\/2018\/09\/04\/rutashaciasantiagodecompostela\/\" title=\"Rutas hacia Santiago de Compostela\">\n            Rutas hacia Santiago de Compostela            <\/a>\n    <\/h3><div class=\"mkdf-post-info-category\">\n    <a href=\"https:\/\/temontotuviaje.com\/index.php\/category\/camino-de-santiago\/\" rel=\"category tag\">Camino de Santiago<\/a><\/div>            <div class=\"mkdf-bli-excerpt\">\n                \t\t<div class=\"mkdf-post-excerpt-holder\">\n\t\t\t<p itemprop=\"description\" class=\"mkdf-post-excerpt\">\n\t\t\t\tTodos los caminos llegan a Roma, pero a Santiago tambi\u00e9n llegan unos cuantos. En este blog encontrar\u00e1n informaci\u00f3n sobre todas las rutas disponibles, sus caracter\u00edsticas, popularidad, infraestructura, etc.\t\t\t<\/p>\n\t\t<\/div>\n\t                \t<div class=\"mkdf-post-read-more-button\">\n\t\t<a itemprop=\"url\" href=\"https:\/\/temontotuviaje.com\/index.php\/2018\/09\/04\/rutashaciasantiagodecompostela\/\" target=\"_self\"  class=\"mkdf-btn mkdf-btn-medium mkdf-btn-simple mkdf-blog-list-button\"  >    <span class=\"mkdf-btn-text\">Keep Reading...<\/span>    <\/a>\t<\/div>\n            <\/div>\n                            <div class=\"mkdf-bli-content-bottom\">\n                    \t<div class=\"mkdf-blog-share\">\n\t\t<div class=\"mkdf-social-share-holder mkdf-list\">\n\t\t<ul>\n\t\t<li class=\"mkdf-facebook-share\">\n\t<a itemprop=\"url\" class=\"mkdf-share-link\" href=\"#\" onclick=\"window.open(&#039;https:\/\/www.facebook.com\/sharer.php?u=https:\/\/temontotuviaje.com\/index.php\/2018\/09\/04\/rutashaciasantiagodecompostela\/&#039;, &#039;sharer&#039;, &#039;toolbar=0,status=0,width=620,height=280&#039;);\">\n\t \t\t\t\t<span class=\"mkdf-social-network-icon social_facebook_circle\"><\/span>\n\t\t\t<\/a>\n<\/li><li class=\"mkdf-twitter-share\">\n\t<a itemprop=\"url\" class=\"mkdf-share-link\" href=\"#\" onclick=\"window.open(&#039;https:\/\/twitter.com\/intent\/tweet?text=Todos+los+caminos+llegan+a+Roma%2C+pero+a+Santiago+tambi%C3%A9n+llegan+unos+cuantos.+En+este+blog+encontrar%C3%A1n+informaci%C3%B3n+ https:\/\/temontotuviaje.com\/index.php\/2018\/09\/04\/rutashaciasantiagodecompostela\/&#039;, &#039;popupwindow&#039;, &#039;scrollbars=yes,width=800,height=400&#039;);\">\n\t \t\t\t\t<span class=\"mkdf-social-network-icon social_twitter_circle\"><\/span>\n\t\t\t<\/a>\n<\/li><li class=\"mkdf-pinterest-share\">\n\t<a itemprop=\"url\" class=\"mkdf-share-link\" href=\"#\" onclick=\"popUp=window.open(&#039;https:\/\/pinterest.com\/pin\/create\/button\/?url=https%3A%2F%2Ftemontotuviaje.com%2Findex.php%2F2018%2F09%2F04%2Frutashaciasantiagodecompostela%2F&amp;description=Rutas+hacia+Santiago+de+Compostela&amp;media=https%3A%2F%2Ftemontotuviaje.com%2Fwp-content%2Fuploads%2F2018%2F09%2Fcaminos-a-santiago.gif&#039;, &#039;popupwindow&#039;, &#039;scrollbars=yes,width=800,height=400&#039;);popUp.focus();return false;\">\n\t \t\t\t\t<span class=\"mkdf-social-network-icon social_pinterest_circle\"><\/span>\n\t\t\t<\/a>\n<\/li>\t<\/ul>\n<\/div>\t<\/div>\n                <\/div>\n            \t\t<\/div>\n        <div class=\"mkdf-bli-content-right\">\n\t        \n\t<div class=\"mkdf-post-image\">\n\t\t\t\t\t<a itemprop=\"url\" href=\"https:\/\/temontotuviaje.com\/index.php\/2018\/09\/04\/rutashaciasantiagodecompostela\/\" title=\"Rutas hacia Santiago de Compostela\">\n\t\t\t\t\t<img loading=\"lazy\" decoding=\"async\" width=\"617\" height=\"800\" src=\"https:\/\/temontotuviaje.com\/wp-content\/uploads\/2018\/09\/caminos-a-santiago-copia-2.gif\" class=\"attachment-full size-full\" alt=\"\" \/>\t\t\t\t\t<\/a>\n\t\t\t\t\t<\/div>\n        <\/div>\n\t<\/div>\n<\/li><li class=\"mkdf-bl-item mkdf-item-space\">\n\t<div class=\"mkdf-bli-inner\">\n\t\t<div class=\"mkdf-bli-content\">\n            \n    <div class=\"mkdf-post-destination\">\n        <a href=\"https:\/\/temontotuviaje.com\/index.php\/destination-item\/spain\/\">Spain<\/a>\n    <\/div>\n\n<h3 itemprop=\"name\" class=\"entry-title mkdf-post-title\" >\n            <a itemprop=\"url\" href=\"https:\/\/temontotuviaje.com\/index.php\/2018\/09\/04\/mododehospedajeenelcamino\/\" title=\"Modo de hospedaje en el Camino\">\n            Modo de hospedaje en el Camino            <\/a>\n    <\/h3><div class=\"mkdf-post-info-category\">\n    <a href=\"https:\/\/temontotuviaje.com\/index.php\/category\/camino-de-santiago\/\" rel=\"category tag\">Camino de Santiago<\/a><\/div>            <div class=\"mkdf-bli-excerpt\">\n                \t\t<div class=\"mkdf-post-excerpt-holder\">\n\t\t\t<p itemprop=\"description\" class=\"mkdf-post-excerpt\">\n\t\t\t\t\u00bfC\u00f3mo buscar alojamiento en el Camino? \u00bfEs mejor albergue p\u00fablico o privado? \u00bfC\u00f3mo reservo los alojamientos que necesitar\u00e9? Todas estas preguntas y algunas m\u00e1s son las que se hacen todos los futuros peregrinos a la hora de organizar su viaje. Por ello en este blog te contamos todo sobre el alojamiento en el Camino.\t\t\t<\/p>\n\t\t<\/div>\n\t                \t<div class=\"mkdf-post-read-more-button\">\n\t\t<a itemprop=\"url\" href=\"https:\/\/temontotuviaje.com\/index.php\/2018\/09\/04\/mododehospedajeenelcamino\/\" target=\"_self\"  class=\"mkdf-btn mkdf-btn-medium mkdf-btn-simple mkdf-blog-list-button\"  >    <span class=\"mkdf-btn-text\">Keep Reading...<\/span>    <\/a>\t<\/div>\n            <\/div>\n                            <div class=\"mkdf-bli-content-bottom\">\n                    \t<div class=\"mkdf-blog-share\">\n\t\t<div class=\"mkdf-social-share-holder mkdf-list\">\n\t\t<ul>\n\t\t<li class=\"mkdf-facebook-share\">\n\t<a itemprop=\"url\" class=\"mkdf-share-link\" href=\"#\" onclick=\"window.open(&#039;https:\/\/www.facebook.com\/sharer.php?u=https:\/\/temontotuviaje.com\/index.php\/2018\/09\/04\/mododehospedajeenelcamino\/&#039;, &#039;sharer&#039;, &#039;toolbar=0,status=0,width=620,height=280&#039;);\">\n\t \t\t\t\t<span class=\"mkdf-social-network-icon social_facebook_circle\"><\/span>\n\t\t\t<\/a>\n<\/li><li class=\"mkdf-twitter-share\">\n\t<a itemprop=\"url\" class=\"mkdf-share-link\" href=\"#\" onclick=\"window.open(&#039;https:\/\/twitter.com\/intent\/tweet?text=%C2%BFC%C3%B3mo+buscar+alojamiento+en+el+Camino%3F+%C2%BFEs+mejor+albergue+p%C3%BAblico+o+privado%3F+%C2%BFC%C3%B3mo+reservo+los+alojamientos+que+ https:\/\/temontotuviaje.com\/index.php\/2018\/09\/04\/mododehospedajeenelcamino\/&#039;, &#039;popupwindow&#039;, &#039;scrollbars=yes,width=800,height=400&#039;);\">\n\t \t\t\t\t<span class=\"mkdf-social-network-icon social_twitter_circle\"><\/span>\n\t\t\t<\/a>\n<\/li><li class=\"mkdf-pinterest-share\">\n\t<a itemprop=\"url\" class=\"mkdf-share-link\" href=\"#\" onclick=\"popUp=window.open(&#039;https:\/\/pinterest.com\/pin\/create\/button\/?url=https%3A%2F%2Ftemontotuviaje.com%2Findex.php%2F2018%2F09%2F04%2Fmododehospedajeenelcamino%2F&amp;description=Modo+de+hospedaje+en+el+Camino&amp;media=https%3A%2F%2Ftemontotuviaje.com%2Fwp-content%2Fuploads%2F2018%2F09%2FFoto-casa-campo-1.jpg&#039;, &#039;popupwindow&#039;, &#039;scrollbars=yes,width=800,height=400&#039;);popUp.focus();return false;\">\n\t \t\t\t\t<span class=\"mkdf-social-network-icon social_pinterest_circle\"><\/span>\n\t\t\t<\/a>\n<\/li>\t<\/ul>\n<\/div>\t<\/div>\n                <\/div>\n            \t\t<\/div>\n        <div class=\"mkdf-bli-content-right\">\n\t        \n\t<div class=\"mkdf-post-image\">\n\t\t\t\t\t<a itemprop=\"url\" href=\"https:\/\/temontotuviaje.com\/index.php\/2018\/09\/04\/mododehospedajeenelcamino\/\" title=\"Modo de hospedaje en el Camino\">\n\t\t\t\t\t<img loading=\"lazy\" decoding=\"async\" width=\"617\" height=\"800\" src=\"https:\/\/temontotuviaje.com\/wp-content\/uploads\/2018\/09\/Foto-casa-campo-copia.jpg\" class=\"attachment-full size-full\" alt=\"\" srcset=\"https:\/\/temontotuviaje.com\/wp-content\/uploads\/2018\/09\/Foto-casa-campo-copia.jpg 617w, https:\/\/temontotuviaje.com\/wp-content\/uploads\/2018\/09\/Foto-casa-campo-copia-231x300.jpg 231w, https:\/\/temontotuviaje.com\/wp-content\/uploads\/2018\/09\/Foto-casa-campo-copia-600x778.jpg 600w\" sizes=\"auto, (max-width: 617px) 100vw, 617px\" \/>\t\t\t\t\t<\/a>\n\t\t\t\t\t<\/div>\n        <\/div>\n\t<\/div>\n<\/li><li class=\"mkdf-bl-item mkdf-item-space\">\n\t<div class=\"mkdf-bli-inner\">\n\t\t<div class=\"mkdf-bli-content\">\n            \n    <div class=\"mkdf-post-destination\">\n        <a href=\"https:\/\/temontotuviaje.com\/index.php\/destination-item\/spain\/\">Spain<\/a>\n    <\/div>\n\n<h3 itemprop=\"name\" class=\"entry-title mkdf-post-title\" >\n            <a itemprop=\"url\" href=\"https:\/\/temontotuviaje.com\/index.php\/2018\/09\/04\/pasaportedelperegrinoylacompostelana\/\" title=\"Pasaporte del peregrino y la Compostelana\">\n            Pasaporte del peregrino y la Compostelana            <\/a>\n    <\/h3><div class=\"mkdf-post-info-category\">\n    <a href=\"https:\/\/temontotuviaje.com\/index.php\/category\/camino-de-santiago\/\" rel=\"category tag\">Camino de Santiago<\/a><\/div>            <div class=\"mkdf-bli-excerpt\">\n                \t\t<div class=\"mkdf-post-excerpt-holder\">\n\t\t\t<p itemprop=\"description\" class=\"mkdf-post-excerpt\">\n\t\t\t\tEl peregrino y su pasaporte, ese documento que hace el camino con nosotros y es testigo de nuestro viaje, pero \u00bfsirve de algo? \u00bfd\u00f3nde lo obtengo? \u00bfy eso de la Compostelana d\u00f3nde se consigue? Futuros peregrinos este es vuestro blog dedicado a todas estas cuestiones y m\u00e1s.\t\t\t<\/p>\n\t\t<\/div>\n\t                \t<div class=\"mkdf-post-read-more-button\">\n\t\t<a itemprop=\"url\" href=\"https:\/\/temontotuviaje.com\/index.php\/2018\/09\/04\/pasaportedelperegrinoylacompostelana\/\" target=\"_self\"  class=\"mkdf-btn mkdf-btn-medium mkdf-btn-simple mkdf-blog-list-button\"  >    <span class=\"mkdf-btn-text\">Keep Reading...<\/span>    <\/a>\t<\/div>\n            <\/div>\n                            <div class=\"mkdf-bli-content-bottom\">\n                    \t<div class=\"mkdf-blog-share\">\n\t\t<div class=\"mkdf-social-share-holder mkdf-list\">\n\t\t<ul>\n\t\t<li class=\"mkdf-facebook-share\">\n\t<a itemprop=\"url\" class=\"mkdf-share-link\" href=\"#\" onclick=\"window.open(&#039;https:\/\/www.facebook.com\/sharer.php?u=https:\/\/temontotuviaje.com\/index.php\/2018\/09\/04\/pasaportedelperegrinoylacompostelana\/&#039;, &#039;sharer&#039;, &#039;toolbar=0,status=0,width=620,height=280&#039;);\">\n\t \t\t\t\t<span class=\"mkdf-social-network-icon social_facebook_circle\"><\/span>\n\t\t\t<\/a>\n<\/li><li class=\"mkdf-twitter-share\">\n\t<a itemprop=\"url\" class=\"mkdf-share-link\" href=\"#\" onclick=\"window.open(&#039;https:\/\/twitter.com\/intent\/tweet?text=El+peregrino+y+su+pasaporte%2C+ese+documento+que+hace+el+camino+con+nosotros+y+es+testigo+de+nuestro+viaje%2C+pero+ https:\/\/temontotuviaje.com\/index.php\/2018\/09\/04\/pasaportedelperegrinoylacompostelana\/&#039;, &#039;popupwindow&#039;, &#039;scrollbars=yes,width=800,height=400&#039;);\">\n\t \t\t\t\t<span class=\"mkdf-social-network-icon social_twitter_circle\"><\/span>\n\t\t\t<\/a>\n<\/li><li class=\"mkdf-pinterest-share\">\n\t<a itemprop=\"url\" class=\"mkdf-share-link\" href=\"#\" onclick=\"popUp=window.open(&#039;https:\/\/pinterest.com\/pin\/create\/button\/?url=https%3A%2F%2Ftemontotuviaje.com%2Findex.php%2F2018%2F09%2F04%2Fpasaportedelperegrinoylacompostelana%2F&amp;description=Pasaporte+del+peregrino+y+la+Compostelana&amp;media=https%3A%2F%2Ftemontotuviaje.com%2Fwp-content%2Fuploads%2F2018%2F09%2F59537752-85d9-4b38-949f-09bc819fdb65-copia-1.jpg&#039;, &#039;popupwindow&#039;, &#039;scrollbars=yes,width=800,height=400&#039;);popUp.focus();return false;\">\n\t \t\t\t\t<span class=\"mkdf-social-network-icon social_pinterest_circle\"><\/span>\n\t\t\t<\/a>\n<\/li>\t<\/ul>\n<\/div>\t<\/div>\n                <\/div>\n            \t\t<\/div>\n        <div class=\"mkdf-bli-content-right\">\n\t        \n\t<div class=\"mkdf-post-image\">\n\t\t\t\t\t<a itemprop=\"url\" href=\"https:\/\/temontotuviaje.com\/index.php\/2018\/09\/04\/pasaportedelperegrinoylacompostelana\/\" title=\"Pasaporte del peregrino y la Compostelana\">\n\t\t\t\t\t<img loading=\"lazy\" decoding=\"async\" width=\"617\" height=\"800\" src=\"https:\/\/temontotuviaje.com\/wp-content\/uploads\/2018\/09\/59537752-85d9-4b38-949f-09bc819fdb65.jpg\" class=\"attachment-full size-full\" alt=\"\" srcset=\"https:\/\/temontotuviaje.com\/wp-content\/uploads\/2018\/09\/59537752-85d9-4b38-949f-09bc819fdb65.jpg 617w, https:\/\/temontotuviaje.com\/wp-content\/uploads\/2018\/09\/59537752-85d9-4b38-949f-09bc819fdb65-231x300.jpg 231w, https:\/\/temontotuviaje.com\/wp-content\/uploads\/2018\/09\/59537752-85d9-4b38-949f-09bc819fdb65-600x778.jpg 600w\" sizes=\"auto, (max-width: 617px) 100vw, 617px\" \/>\t\t\t\t\t<\/a>\n\t\t\t\t\t<\/div>\n        <\/div>\n\t<\/div>\n<\/li><li class=\"mkdf-bl-item mkdf-item-space\">\n\t<div class=\"mkdf-bli-inner\">\n\t\t<div class=\"mkdf-bli-content\">\n            \n    <div class=\"mkdf-post-destination\">\n        <a href=\"https:\/\/temontotuviaje.com\/index.php\/destination-item\/spain\/\">Spain<\/a>\n    <\/div>\n\n<h3 itemprop=\"name\" class=\"entry-title mkdf-post-title\" >\n            <a itemprop=\"url\" href=\"https:\/\/temontotuviaje.com\/index.php\/2023\/01\/17\/como-llevar-la-mochila-o-equipaje-en-el-camino\/\" title=\"\u00bfC\u00f3mo llevar la mochila o equipaje en el Camino?\">\n            \u00bfC\u00f3mo llevar la mochila o equipaje en el Camino?            <\/a>\n    <\/h3><div class=\"mkdf-post-info-category\">\n    <a href=\"https:\/\/temontotuviaje.com\/index.php\/category\/camino-de-santiago\/\" rel=\"category tag\">Camino de Santiago<\/a><\/div>            <div class=\"mkdf-bli-excerpt\">\n                \t\t<div class=\"mkdf-post-excerpt-holder\">\n\t\t\t<p itemprop=\"description\" class=\"mkdf-post-excerpt\">\n\t\t\t\tTodo peregrino se pregunta si ser\u00e1 capaz de llevar todo su equipaje cargado en la espalda, o si ser\u00e1 mejor que lo lleve alguna empresa de transporte de equipaje durante todas las etapas. Futuro peregrino, si quieres saber qu\u00e9 ser\u00e1 mejor, este es tu blog.\t\t\t<\/p>\n\t\t<\/div>\n\t                \t<div class=\"mkdf-post-read-more-button\">\n\t\t<a itemprop=\"url\" href=\"https:\/\/temontotuviaje.com\/index.php\/2023\/01\/17\/como-llevar-la-mochila-o-equipaje-en-el-camino\/\" target=\"_self\"  class=\"mkdf-btn mkdf-btn-medium mkdf-btn-simple mkdf-blog-list-button\"  >    <span class=\"mkdf-btn-text\">Keep Reading...<\/span>    <\/a>\t<\/div>\n            <\/div>\n                            <div class=\"mkdf-bli-content-bottom\">\n                    \t<div class=\"mkdf-blog-share\">\n\t\t<div class=\"mkdf-social-share-holder mkdf-list\">\n\t\t<ul>\n\t\t<li class=\"mkdf-facebook-share\">\n\t<a itemprop=\"url\" class=\"mkdf-share-link\" href=\"#\" onclick=\"window.open(&#039;https:\/\/www.facebook.com\/sharer.php?u=https:\/\/temontotuviaje.com\/index.php\/2023\/01\/17\/como-llevar-la-mochila-o-equipaje-en-el-camino\/&#039;, &#039;sharer&#039;, &#039;toolbar=0,status=0,width=620,height=280&#039;);\">\n\t \t\t\t\t<span class=\"mkdf-social-network-icon social_facebook_circle\"><\/span>\n\t\t\t<\/a>\n<\/li><li class=\"mkdf-twitter-share\">\n\t<a itemprop=\"url\" class=\"mkdf-share-link\" href=\"#\" onclick=\"window.open(&#039;https:\/\/twitter.com\/intent\/tweet?text=Todo+peregrino+se+pregunta+si+ser%C3%A1+capaz+de+llevar+todo+su+equipaje+cargado+en+la+espalda%2C+o+si+ser%C3%A1+mejor+que+lo+ https:\/\/temontotuviaje.com\/index.php\/2023\/01\/17\/como-llevar-la-mochila-o-equipaje-en-el-camino\/&#039;, &#039;popupwindow&#039;, &#039;scrollbars=yes,width=800,height=400&#039;);\">\n\t \t\t\t\t<span class=\"mkdf-social-network-icon social_twitter_circle\"><\/span>\n\t\t\t<\/a>\n<\/li><li class=\"mkdf-pinterest-share\">\n\t<a itemprop=\"url\" class=\"mkdf-share-link\" href=\"#\" onclick=\"popUp=window.open(&#039;https:\/\/pinterest.com\/pin\/create\/button\/?url=https%3A%2F%2Ftemontotuviaje.com%2Findex.php%2F2023%2F01%2F17%2Fcomo-llevar-la-mochila-o-equipaje-en-el-camino%2F&amp;description=%C2%BFC%C3%B3mo+llevar+la+mochila+o+equipaje+en+el+Camino%3F&amp;media=https%3A%2F%2Ftemontotuviaje.com%2Fwp-content%2Fuploads%2F2023%2F01%2FIMG_2705.jpg&#039;, &#039;popupwindow&#039;, &#039;scrollbars=yes,width=800,height=400&#039;);popUp.focus();return false;\">\n\t \t\t\t\t<span class=\"mkdf-social-network-icon social_pinterest_circle\"><\/span>\n\t\t\t<\/a>\n<\/li>\t<\/ul>\n<\/div>\t<\/div>\n                <\/div>\n            \t\t<\/div>\n        <div class=\"mkdf-bli-content-right\">\n\t        \n\t<div class=\"mkdf-post-image\">\n\t\t\t\t\t<a itemprop=\"url\" href=\"https:\/\/temontotuviaje.com\/index.php\/2023\/01\/17\/como-llevar-la-mochila-o-equipaje-en-el-camino\/\" title=\"\u00bfC\u00f3mo llevar la mochila o equipaje en el Camino?\">\n\t\t\t\t\t<img loading=\"lazy\" decoding=\"async\" width=\"617\" height=\"800\" src=\"https:\/\/temontotuviaje.com\/wp-content\/uploads\/2023\/01\/IMG_2705-copia.jpg\" class=\"attachment-full size-full\" alt=\"\" srcset=\"https:\/\/temontotuviaje.com\/wp-content\/uploads\/2023\/01\/IMG_2705-copia.jpg 617w, https:\/\/temontotuviaje.com\/wp-content\/uploads\/2023\/01\/IMG_2705-copia-231x300.jpg 231w, https:\/\/temontotuviaje.com\/wp-content\/uploads\/2023\/01\/IMG_2705-copia-600x778.jpg 600w\" sizes=\"auto, (max-width: 617px) 100vw, 617px\" \/>\t\t\t\t\t<\/a>\n\t\t\t\t\t<\/div>\n        <\/div>\n\t<\/div>\n<\/li><li class=\"mkdf-bl-item mkdf-item-space\">\n\t<div class=\"mkdf-bli-inner\">\n\t\t<div class=\"mkdf-bli-content\">\n            \n    <div class=\"mkdf-post-destination\">\n        <a href=\"https:\/\/temontotuviaje.com\/index.php\/destination-item\/spain\/\">Spain<\/a>\n    <\/div>\n\n<h3 itemprop=\"name\" class=\"entry-title mkdf-post-title\" >\n            <a itemprop=\"url\" href=\"https:\/\/temontotuviaje.com\/index.php\/2023\/01\/18\/los-imprescindibles-del-camino\/\" title=\"Los imprescindibles del Camino\">\n            Los imprescindibles del Camino            <\/a>\n    <\/h3><div class=\"mkdf-post-info-category\">\n    <a href=\"https:\/\/temontotuviaje.com\/index.php\/category\/camino-de-santiago\/\" rel=\"category tag\">Camino de Santiago<\/a><\/div>            <div class=\"mkdf-bli-excerpt\">\n                \t\t<div class=\"mkdf-post-excerpt-holder\">\n\t\t\t<p itemprop=\"description\" class=\"mkdf-post-excerpt\">\n\t\t\t\tEn este blog te expondr\u00e9 cu\u00e1les son los objetos que todo peregrino deber\u00eda llevar en su mochila, desde que tipo de ropa es adecuada hasta objetos de uso diario.\t\t\t<\/p>\n\t\t<\/div>\n\t                \t<div class=\"mkdf-post-read-more-button\">\n\t\t<a itemprop=\"url\" href=\"https:\/\/temontotuviaje.com\/index.php\/2023\/01\/18\/los-imprescindibles-del-camino\/\" target=\"_self\"  class=\"mkdf-btn mkdf-btn-medium mkdf-btn-simple mkdf-blog-list-button\"  >    <span class=\"mkdf-btn-text\">Keep Reading...<\/span>    <\/a>\t<\/div>\n            <\/div>\n                            <div class=\"mkdf-bli-content-bottom\">\n                    \t<div class=\"mkdf-blog-share\">\n\t\t<div class=\"mkdf-social-share-holder mkdf-list\">\n\t\t<ul>\n\t\t<li class=\"mkdf-facebook-share\">\n\t<a itemprop=\"url\" class=\"mkdf-share-link\" href=\"#\" onclick=\"window.open(&#039;https:\/\/www.facebook.com\/sharer.php?u=https:\/\/temontotuviaje.com\/index.php\/2023\/01\/18\/los-imprescindibles-del-camino\/&#039;, &#039;sharer&#039;, &#039;toolbar=0,status=0,width=620,height=280&#039;);\">\n\t \t\t\t\t<span class=\"mkdf-social-network-icon social_facebook_circle\"><\/span>\n\t\t\t<\/a>\n<\/li><li class=\"mkdf-twitter-share\">\n\t<a itemprop=\"url\" class=\"mkdf-share-link\" href=\"#\" onclick=\"window.open(&#039;https:\/\/twitter.com\/intent\/tweet?text=En+este+blog+te+expondr%C3%A9+cu%C3%A1les+son+los+objetos+que+todo+peregrino+deber%C3%ADa+llevar+en+su+mochila%2C+desde+que+tipo+de+ https:\/\/temontotuviaje.com\/index.php\/2023\/01\/18\/los-imprescindibles-del-camino\/&#039;, &#039;popupwindow&#039;, &#039;scrollbars=yes,width=800,height=400&#039;);\">\n\t \t\t\t\t<span class=\"mkdf-social-network-icon social_twitter_circle\"><\/span>\n\t\t\t<\/a>\n<\/li><li class=\"mkdf-pinterest-share\">\n\t<a itemprop=\"url\" class=\"mkdf-share-link\" href=\"#\" onclick=\"popUp=window.open(&#039;https:\/\/pinterest.com\/pin\/create\/button\/?url=https%3A%2F%2Ftemontotuviaje.com%2Findex.php%2F2023%2F01%2F18%2Flos-imprescindibles-del-camino%2F&amp;description=Los+imprescindibles+del+Camino&amp;media=https%3A%2F%2Ftemontotuviaje.com%2Fwp-content%2Fuploads%2F2023%2F01%2Ffe04b4b3-5874-4121-828f-e0feca74b26a-copia.jpg&#039;, &#039;popupwindow&#039;, &#039;scrollbars=yes,width=800,height=400&#039;);popUp.focus();return false;\">\n\t \t\t\t\t<span class=\"mkdf-social-network-icon social_pinterest_circle\"><\/span>\n\t\t\t<\/a>\n<\/li>\t<\/ul>\n<\/div>\t<\/div>\n                <\/div>\n            \t\t<\/div>\n        <div class=\"mkdf-bli-content-right\">\n\t        \n\t<div class=\"mkdf-post-image\">\n\t\t\t\t\t<a itemprop=\"url\" href=\"https:\/\/temontotuviaje.com\/index.php\/2023\/01\/18\/los-imprescindibles-del-camino\/\" title=\"Los imprescindibles del Camino\">\n\t\t\t\t\t<img loading=\"lazy\" decoding=\"async\" width=\"476\" height=\"796\" src=\"https:\/\/temontotuviaje.com\/wp-content\/uploads\/2023\/01\/fe04b4b3-5874-4121-828f-e0feca74b26a-copia.jpg\" class=\"attachment-full size-full wp-post-image\" alt=\"\" srcset=\"https:\/\/temontotuviaje.com\/wp-content\/uploads\/2023\/01\/fe04b4b3-5874-4121-828f-e0feca74b26a-copia.jpg 476w, https:\/\/temontotuviaje.com\/wp-content\/uploads\/2023\/01\/fe04b4b3-5874-4121-828f-e0feca74b26a-copia-179x300.jpg 179w\" sizes=\"auto, (max-width: 476px) 100vw, 476px\" \/>\t\t\t\t\t<\/a>\n\t\t\t\t\t<\/div>\n        <\/div>\n\t<\/div>\n<\/li>\t\t<\/ul>\n\t<\/div>\n\t<\/div>[\/vc_column_inner][\/vc_row_inner][\/vc_column][\/vc_row]<\/p>\n<\/section>","protected":false},"excerpt":{"rendered":"<p>[vc_row row_content_width=\u00bbgrid\u00bb css=\u00bb.vc_custom_1539005249917{padding-top: 54px !important;padding-bottom: 55px !important;}\u00bb][vc_column][vc_row_inner row_content_width=\u00bbgrid\u00bb css=\u00bb.vc_custom_1538985561169{padding-top: 64px !important;}\u00bb][vc_column_inner][\/vc_column_inner][\/vc_row_inner][\/vc_column][\/vc_row]<\/p>\n","protected":false},"author":1,"featured_media":0,"parent":0,"menu_order":0,"comment_status":"closed","ping_status":"closed","template":"","meta":{"footnotes":""},"class_list":["post-6308","page","type-page","status-publish","hentry"],"_links":{"self":[{"href":"https:\/\/temontotuviaje.com\/index.php\/wp-json\/wp\/v2\/pages\/6308","targetHints":{"allow":["GET"]}}],"collection":[{"href":"https:\/\/temontotuviaje.com\/index.php\/wp-json\/wp\/v2\/pages"}],"about":[{"href":"https:\/\/temontotuviaje.com\/index.php\/wp-json\/wp\/v2\/types\/page"}],"author":[{"embeddable":true,"href":"https:\/\/temontotuviaje.com\/index.php\/wp-json\/wp\/v2\/users\/1"}],"replies":[{"embeddable":true,"href":"https:\/\/temontotuviaje.com\/index.php\/wp-json\/wp\/v2\/comments?post=6308"}],"version-history":[{"count":6,"href":"https:\/\/temontotuviaje.com\/index.php\/wp-json\/wp\/v2\/pages\/6308\/revisions"}],"predecessor-version":[{"id":7133,"href":"https:\/\/temontotuviaje.com\/index.php\/wp-json\/wp\/v2\/pages\/6308\/revisions\/7133"}],"wp:attachment":[{"href":"https:\/\/temontotuviaje.com\/index.php\/wp-json\/wp\/v2\/media?parent=6308"}],"curies":[{"name":"wp","href":"https:\/\/api.w.org\/{rel}","templated":true}]}}